{"id":7393,"date":"2024-04-05T00:58:18","date_gmt":"2024-04-05T00:58:18","guid":{"rendered":"https:\/\/giteavelafilrouge.it\/excursions-a-la-maddalena-et-en-corse-au-depart-de-palau-avec-dejeuner-a-bord\/"},"modified":"2026-03-19T11:03:22","modified_gmt":"2026-03-19T11:03:22","slug":"excursions-a-la-maddalena-et-en-corse-au-depart-de-palau-avec-dejeuner-a-bord","status":"publish","type":"page","link":"https:\/\/giteavelafilrouge.it\/fr\/excursions-a-la-maddalena-et-en-corse-au-depart-de-palau-avec-dejeuner-a-bord\/","title":{"rendered":"Excursions \u00e0 La Maddalena et en Corse au d\u00e9part de Palau avec d\u00e9jeuner \u00e0 bord"},"content":{"rendered":"","protected":false},"excerpt":{"rendered":"","protected":false},"author":1,"featured_media":7226,"parent":0,"menu_order":0,"comment_status":"closed","ping_status":"closed","template":"","meta":{"rs_blank_template":"","rs_page_bg_color":"","slide_template_v7":"","_joinchat":[],"footnotes":""},"class_list":["post-7393","page","type-page","status-publish","has-post-thumbnail","hentry"],"yoast_head":"<!-- This site is optimized with the Yoast SEO plugin v27.4 - https:\/\/yoast.com\/product\/yoast-seo-wordpress\/ -->\n<title>Excursions \u00e0 La Maddalena et en Corse au d\u00e9part de Palau - Fil Rouge Sail<\/title>\n<meta name=\"description\" content=\"Excursions \u00e0 La Maddalena et en Corse \u00e0 bord de voiliers confortables. D\u00e9couvrez des eaux cristallines, des plages et des paysages uniques.\" \/>\n<meta name=\"robots\" content=\"index, follow, max-snippet:-1, max-image-preview:large, max-video-preview:-1\" \/>\n<link rel=\"canonical\" href=\"https:\/\/giteavelafilrouge.it\/fr\/excursions-a-la-maddalena-et-en-corse-au-depart-de-palau-avec-dejeuner-a-bord\/\" \/>\n<meta property=\"og:locale\" content=\"fr_FR\" \/>\n<meta property=\"og:type\" content=\"article\" \/>\n<meta property=\"og:title\" content=\"Excursions \u00e0 La Maddalena et en Corse au d\u00e9part de Palau - Fil Rouge Sail\" \/>\n<meta property=\"og:description\" content=\"Excursions \u00e0 La Maddalena et en Corse \u00e0 bord de voiliers confortables. D\u00e9couvrez des eaux cristallines, des plages et des paysages uniques.\" \/>\n<meta property=\"og:url\" content=\"https:\/\/giteavelafilrouge.it\/fr\/excursions-a-la-maddalena-et-en-corse-au-depart-de-palau-avec-dejeuner-a-bord\/\" \/>\n<meta property=\"og:site_name\" content=\"Fil Rouge Sail\" \/>\n<meta property=\"article:publisher\" content=\"https:\/\/www.facebook.com\/filrougesail\/\" \/>\n<meta property=\"article:modified_time\" content=\"2026-03-19T11:03:22+00:00\" \/>\n<meta property=\"og:image\" content=\"https:\/\/giteavelafilrouge.it\/wp-content\/uploads\/2024\/04\/imbarcazioni-a-vela-sardegna-fil-rouge-sail-fil-au-vent.webp\" \/>\n\t<meta property=\"og:image:width\" content=\"2560\" \/>\n\t<meta property=\"og:image:height\" content=\"1702\" \/>\n\t<meta property=\"og:image:type\" content=\"image\/webp\" \/>\n<meta name=\"twitter:card\" content=\"summary_large_image\" \/>\n<script type=\"application\/ld+json\" class=\"yoast-schema-graph\">{\"@context\":\"https:\\\/\\\/schema.org\",\"@graph\":[{\"@type\":\"WebPage\",\"@id\":\"https:\\\/\\\/giteavelafilrouge.it\\\/fr\\\/excursions-a-la-maddalena-et-en-corse-au-depart-de-palau-avec-dejeuner-a-bord\\\/\",\"url\":\"https:\\\/\\\/giteavelafilrouge.it\\\/fr\\\/excursions-a-la-maddalena-et-en-corse-au-depart-de-palau-avec-dejeuner-a-bord\\\/\",\"name\":\"Excursions \u00e0 La Maddalena et en Corse au d\u00e9part de Palau - Fil Rouge Sail\",\"isPartOf\":{\"@id\":\"https:\\\/\\\/giteavelafilrouge.it\\\/fr\\\/#website\"},\"primaryImageOfPage\":{\"@id\":\"https:\\\/\\\/giteavelafilrouge.it\\\/fr\\\/excursions-a-la-maddalena-et-en-corse-au-depart-de-palau-avec-dejeuner-a-bord\\\/#primaryimage\"},\"image\":{\"@id\":\"https:\\\/\\\/giteavelafilrouge.it\\\/fr\\\/excursions-a-la-maddalena-et-en-corse-au-depart-de-palau-avec-dejeuner-a-bord\\\/#primaryimage\"},\"thumbnailUrl\":\"https:\\\/\\\/giteavelafilrouge.it\\\/wp-content\\\/uploads\\\/2024\\\/04\\\/imbarcazioni-a-vela-sardegna-fil-rouge-sail-fil-au-vent.webp\",\"datePublished\":\"2024-04-05T00:58:18+00:00\",\"dateModified\":\"2026-03-19T11:03:22+00:00\",\"description\":\"Excursions \u00e0 La Maddalena et en Corse \u00e0 bord de voiliers confortables. D\u00e9couvrez des eaux cristallines, des plages et des paysages uniques.\",\"breadcrumb\":{\"@id\":\"https:\\\/\\\/giteavelafilrouge.it\\\/fr\\\/excursions-a-la-maddalena-et-en-corse-au-depart-de-palau-avec-dejeuner-a-bord\\\/#breadcrumb\"},\"inLanguage\":\"fr-FR\",\"potentialAction\":[{\"@type\":\"ReadAction\",\"target\":[\"https:\\\/\\\/giteavelafilrouge.it\\\/fr\\\/excursions-a-la-maddalena-et-en-corse-au-depart-de-palau-avec-dejeuner-a-bord\\\/\"]}]},{\"@type\":\"ImageObject\",\"inLanguage\":\"fr-FR\",\"@id\":\"https:\\\/\\\/giteavelafilrouge.it\\\/fr\\\/excursions-a-la-maddalena-et-en-corse-au-depart-de-palau-avec-dejeuner-a-bord\\\/#primaryimage\",\"url\":\"https:\\\/\\\/giteavelafilrouge.it\\\/wp-content\\\/uploads\\\/2024\\\/04\\\/imbarcazioni-a-vela-sardegna-fil-rouge-sail-fil-au-vent.webp\",\"contentUrl\":\"https:\\\/\\\/giteavelafilrouge.it\\\/wp-content\\\/uploads\\\/2024\\\/04\\\/imbarcazioni-a-vela-sardegna-fil-rouge-sail-fil-au-vent.webp\",\"width\":2560,\"height\":1702},{\"@type\":\"BreadcrumbList\",\"@id\":\"https:\\\/\\\/giteavelafilrouge.it\\\/fr\\\/excursions-a-la-maddalena-et-en-corse-au-depart-de-palau-avec-dejeuner-a-bord\\\/#breadcrumb\",\"itemListElement\":[{\"@type\":\"ListItem\",\"position\":1,\"name\":\"Home\",\"item\":\"https:\\\/\\\/giteavelafilrouge.it\\\/fr\\\/\"},{\"@type\":\"ListItem\",\"position\":2,\"name\":\"Excursions \u00e0 La Maddalena et en Corse au d\u00e9part de Palau avec d\u00e9jeuner \u00e0 bord\"}]},{\"@type\":\"WebSite\",\"@id\":\"https:\\\/\\\/giteavelafilrouge.it\\\/fr\\\/#website\",\"url\":\"https:\\\/\\\/giteavelafilrouge.it\\\/fr\\\/\",\"name\":\"Fil Rouge Sail\",\"description\":\"Gite in barca a vela La Maddalena e Corsica\",\"publisher\":{\"@id\":\"https:\\\/\\\/giteavelafilrouge.it\\\/fr\\\/#organization\"},\"alternateName\":\"Fil Rouge Sail\",\"potentialAction\":[{\"@type\":\"SearchAction\",\"target\":{\"@type\":\"EntryPoint\",\"urlTemplate\":\"https:\\\/\\\/giteavelafilrouge.it\\\/fr\\\/?s={search_term_string}\"},\"query-input\":{\"@type\":\"PropertyValueSpecification\",\"valueRequired\":true,\"valueName\":\"search_term_string\"}}],\"inLanguage\":\"fr-FR\"},{\"@type\":\"Organization\",\"@id\":\"https:\\\/\\\/giteavelafilrouge.it\\\/fr\\\/#organization\",\"name\":\"Fil Rouge Sail\",\"url\":\"https:\\\/\\\/giteavelafilrouge.it\\\/fr\\\/\",\"logo\":{\"@type\":\"ImageObject\",\"inLanguage\":\"fr-FR\",\"@id\":\"https:\\\/\\\/giteavelafilrouge.it\\\/fr\\\/#\\\/schema\\\/logo\\\/image\\\/\",\"url\":\"https:\\\/\\\/giteavelafilrouge.it\\\/wp-content\\\/uploads\\\/2024\\\/03\\\/logo-fil-rouge-1.png\",\"contentUrl\":\"https:\\\/\\\/giteavelafilrouge.it\\\/wp-content\\\/uploads\\\/2024\\\/03\\\/logo-fil-rouge-1.png\",\"width\":450,\"height\":178,\"caption\":\"Fil Rouge Sail\"},\"image\":{\"@id\":\"https:\\\/\\\/giteavelafilrouge.it\\\/fr\\\/#\\\/schema\\\/logo\\\/image\\\/\"},\"sameAs\":[\"https:\\\/\\\/www.facebook.com\\\/filrougesail\\\/\",\"https:\\\/\\\/www.instagram.com\\\/filrougesail\\\/\"]}]}<\/script>\n<!-- \/ Yoast SEO plugin. -->","yoast_head_json":{"title":"Excursions \u00e0 La Maddalena et en Corse au d\u00e9part de Palau - Fil Rouge Sail","description":"Excursions \u00e0 La Maddalena et en Corse \u00e0 bord de voiliers confortables. D\u00e9couvrez des eaux cristallines, des plages et des paysages uniques.","robots":{"index":"index","follow":"follow","max-snippet":"max-snippet:-1","max-image-preview":"max-image-preview:large","max-video-preview":"max-video-preview:-1"},"canonical":"https:\/\/giteavelafilrouge.it\/fr\/excursions-a-la-maddalena-et-en-corse-au-depart-de-palau-avec-dejeuner-a-bord\/","og_locale":"fr_FR","og_type":"article","og_title":"Excursions \u00e0 La Maddalena et en Corse au d\u00e9part de Palau - Fil Rouge Sail","og_description":"Excursions \u00e0 La Maddalena et en Corse \u00e0 bord de voiliers confortables. D\u00e9couvrez des eaux cristallines, des plages et des paysages uniques.","og_url":"https:\/\/giteavelafilrouge.it\/fr\/excursions-a-la-maddalena-et-en-corse-au-depart-de-palau-avec-dejeuner-a-bord\/","og_site_name":"Fil Rouge Sail","article_publisher":"https:\/\/www.facebook.com\/filrougesail\/","article_modified_time":"2026-03-19T11:03:22+00:00","og_image":[{"width":2560,"height":1702,"url":"https:\/\/giteavelafilrouge.it\/wp-content\/uploads\/2024\/04\/imbarcazioni-a-vela-sardegna-fil-rouge-sail-fil-au-vent.webp","type":"image\/webp"}],"twitter_card":"summary_large_image","schema":{"@context":"https:\/\/schema.org","@graph":[{"@type":"WebPage","@id":"https:\/\/giteavelafilrouge.it\/fr\/excursions-a-la-maddalena-et-en-corse-au-depart-de-palau-avec-dejeuner-a-bord\/","url":"https:\/\/giteavelafilrouge.it\/fr\/excursions-a-la-maddalena-et-en-corse-au-depart-de-palau-avec-dejeuner-a-bord\/","name":"Excursions \u00e0 La Maddalena et en Corse au d\u00e9part de Palau - Fil Rouge Sail","isPartOf":{"@id":"https:\/\/giteavelafilrouge.it\/fr\/#website"},"primaryImageOfPage":{"@id":"https:\/\/giteavelafilrouge.it\/fr\/excursions-a-la-maddalena-et-en-corse-au-depart-de-palau-avec-dejeuner-a-bord\/#primaryimage"},"image":{"@id":"https:\/\/giteavelafilrouge.it\/fr\/excursions-a-la-maddalena-et-en-corse-au-depart-de-palau-avec-dejeuner-a-bord\/#primaryimage"},"thumbnailUrl":"https:\/\/giteavelafilrouge.it\/wp-content\/uploads\/2024\/04\/imbarcazioni-a-vela-sardegna-fil-rouge-sail-fil-au-vent.webp","datePublished":"2024-04-05T00:58:18+00:00","dateModified":"2026-03-19T11:03:22+00:00","description":"Excursions \u00e0 La Maddalena et en Corse \u00e0 bord de voiliers confortables. D\u00e9couvrez des eaux cristallines, des plages et des paysages uniques.","breadcrumb":{"@id":"https:\/\/giteavelafilrouge.it\/fr\/excursions-a-la-maddalena-et-en-corse-au-depart-de-palau-avec-dejeuner-a-bord\/#breadcrumb"},"inLanguage":"fr-FR","potentialAction":[{"@type":"ReadAction","target":["https:\/\/giteavelafilrouge.it\/fr\/excursions-a-la-maddalena-et-en-corse-au-depart-de-palau-avec-dejeuner-a-bord\/"]}]},{"@type":"ImageObject","inLanguage":"fr-FR","@id":"https:\/\/giteavelafilrouge.it\/fr\/excursions-a-la-maddalena-et-en-corse-au-depart-de-palau-avec-dejeuner-a-bord\/#primaryimage","url":"https:\/\/giteavelafilrouge.it\/wp-content\/uploads\/2024\/04\/imbarcazioni-a-vela-sardegna-fil-rouge-sail-fil-au-vent.webp","contentUrl":"https:\/\/giteavelafilrouge.it\/wp-content\/uploads\/2024\/04\/imbarcazioni-a-vela-sardegna-fil-rouge-sail-fil-au-vent.webp","width":2560,"height":1702},{"@type":"BreadcrumbList","@id":"https:\/\/giteavelafilrouge.it\/fr\/excursions-a-la-maddalena-et-en-corse-au-depart-de-palau-avec-dejeuner-a-bord\/#breadcrumb","itemListElement":[{"@type":"ListItem","position":1,"name":"Home","item":"https:\/\/giteavelafilrouge.it\/fr\/"},{"@type":"ListItem","position":2,"name":"Excursions \u00e0 La Maddalena et en Corse au d\u00e9part de Palau avec d\u00e9jeuner \u00e0 bord"}]},{"@type":"WebSite","@id":"https:\/\/giteavelafilrouge.it\/fr\/#website","url":"https:\/\/giteavelafilrouge.it\/fr\/","name":"Fil Rouge Sail","description":"Gite in barca a vela La Maddalena e Corsica","publisher":{"@id":"https:\/\/giteavelafilrouge.it\/fr\/#organization"},"alternateName":"Fil Rouge Sail","potentialAction":[{"@type":"SearchAction","target":{"@type":"EntryPoint","urlTemplate":"https:\/\/giteavelafilrouge.it\/fr\/?s={search_term_string}"},"query-input":{"@type":"PropertyValueSpecification","valueRequired":true,"valueName":"search_term_string"}}],"inLanguage":"fr-FR"},{"@type":"Organization","@id":"https:\/\/giteavelafilrouge.it\/fr\/#organization","name":"Fil Rouge Sail","url":"https:\/\/giteavelafilrouge.it\/fr\/","logo":{"@type":"ImageObject","inLanguage":"fr-FR","@id":"https:\/\/giteavelafilrouge.it\/fr\/#\/schema\/logo\/image\/","url":"https:\/\/giteavelafilrouge.it\/wp-content\/uploads\/2024\/03\/logo-fil-rouge-1.png","contentUrl":"https:\/\/giteavelafilrouge.it\/wp-content\/uploads\/2024\/03\/logo-fil-rouge-1.png","width":450,"height":178,"caption":"Fil Rouge Sail"},"image":{"@id":"https:\/\/giteavelafilrouge.it\/fr\/#\/schema\/logo\/image\/"},"sameAs":["https:\/\/www.facebook.com\/filrougesail\/","https:\/\/www.instagram.com\/filrougesail\/"]}]}},"_links":{"self":[{"href":"https:\/\/giteavelafilrouge.it\/fr\/wp-json\/wp\/v2\/pages\/7393","targetHints":{"allow":["GET"]}}],"collection":[{"href":"https:\/\/giteavelafilrouge.it\/fr\/wp-json\/wp\/v2\/pages"}],"about":[{"href":"https:\/\/giteavelafilrouge.it\/fr\/wp-json\/wp\/v2\/types\/page"}],"author":[{"embeddable":true,"href":"https:\/\/giteavelafilrouge.it\/fr\/wp-json\/wp\/v2\/users\/1"}],"replies":[{"embeddable":true,"href":"https:\/\/giteavelafilrouge.it\/fr\/wp-json\/wp\/v2\/comments?post=7393"}],"version-history":[{"count":5,"href":"https:\/\/giteavelafilrouge.it\/fr\/wp-json\/wp\/v2\/pages\/7393\/revisions"}],"predecessor-version":[{"id":8179,"href":"https:\/\/giteavelafilrouge.it\/fr\/wp-json\/wp\/v2\/pages\/7393\/revisions\/8179"}],"wp:featuredmedia":[{"embeddable":true,"href":"https:\/\/giteavelafilrouge.it\/fr\/wp-json\/wp\/v2\/media\/7226"}],"wp:attachment":[{"href":"https:\/\/giteavelafilrouge.it\/fr\/wp-json\/wp\/v2\/media?parent=7393"}],"curies":[{"name":"wp","href":"https:\/\/api.w.org\/{rel}","templated":true}]}}