{"id":7399,"date":"2024-04-05T00:19:43","date_gmt":"2024-04-05T00:19:43","guid":{"rendered":"https:\/\/giteavelafilrouge.it\/crucero-en-velero-de-7-dias-por-corcega-y-la-maddalena\/"},"modified":"2024-04-24T08:58:37","modified_gmt":"2024-04-24T08:58:37","slug":"crucero-en-velero-de-7-dias-por-corcega-y-la-maddalena","status":"publish","type":"page","link":"https:\/\/giteavelafilrouge.it\/es\/crucero-en-velero-de-7-dias-por-corcega-y-la-maddalena\/","title":{"rendered":"Crucero en velero de 7 d\u00edas por C\u00f3rcega y La Maddalena"},"content":{"rendered":"","protected":false},"excerpt":{"rendered":"","protected":false},"author":1,"featured_media":7228,"parent":0,"menu_order":0,"comment_status":"closed","ping_status":"closed","template":"","meta":{"rs_blank_template":"","rs_page_bg_color":"","slide_template_v7":"","_joinchat":[],"footnotes":""},"class_list":["post-7399","page","type-page","status-publish","has-post-thumbnail","hentry"],"yoast_head":"<!-- This site is optimized with the Yoast SEO plugin v27.4 - https:\/\/yoast.com\/product\/yoast-seo-wordpress\/ -->\n<title>Crucero en velero de 7 d\u00edas por C\u00f3rcega y La Maddalena - Fil Rouge Sail<\/title>\n<meta name=\"description\" content=\"Reg\u00e1late un crucero en velero por el archipi\u00e9lago de La Maddalena y C\u00f3rcega gracias a los 40 a\u00f1os de experiencia de Fil Rouge Sail y Luigi Frau\" \/>\n<meta name=\"robots\" content=\"index, follow, max-snippet:-1, max-image-preview:large, max-video-preview:-1\" \/>\n<link rel=\"canonical\" href=\"https:\/\/giteavelafilrouge.it\/es\/crucero-en-velero-de-7-dias-por-corcega-y-la-maddalena\/\" \/>\n<meta property=\"og:locale\" content=\"es_ES\" \/>\n<meta property=\"og:type\" content=\"article\" \/>\n<meta property=\"og:title\" content=\"Crucero en velero de 7 d\u00edas por C\u00f3rcega y La Maddalena - Fil Rouge Sail\" \/>\n<meta property=\"og:description\" content=\"Reg\u00e1late un crucero en velero por el archipi\u00e9lago de La Maddalena y C\u00f3rcega gracias a los 40 a\u00f1os de experiencia de Fil Rouge Sail y Luigi Frau\" \/>\n<meta property=\"og:url\" content=\"https:\/\/giteavelafilrouge.it\/es\/crucero-en-velero-de-7-dias-por-corcega-y-la-maddalena\/\" \/>\n<meta property=\"og:site_name\" content=\"Fil Rouge Sail\" \/>\n<meta property=\"article:publisher\" content=\"https:\/\/www.facebook.com\/filrougesail\/\" \/>\n<meta property=\"article:modified_time\" content=\"2024-04-24T08:58:37+00:00\" \/>\n<meta property=\"og:image\" content=\"https:\/\/giteavelafilrouge.it\/wp-content\/uploads\/2024\/03\/logo-fil-rouge-1.png\" \/>\n\t<meta property=\"og:image:width\" content=\"450\" \/>\n\t<meta property=\"og:image:height\" content=\"178\" \/>\n\t<meta property=\"og:image:type\" content=\"image\/png\" \/>\n<meta name=\"twitter:card\" content=\"summary_large_image\" \/>\n<script type=\"application\/ld+json\" class=\"yoast-schema-graph\">{\"@context\":\"https:\\\/\\\/schema.org\",\"@graph\":[{\"@type\":\"WebPage\",\"@id\":\"https:\\\/\\\/giteavelafilrouge.it\\\/es\\\/crucero-en-velero-de-7-dias-por-corcega-y-la-maddalena\\\/\",\"url\":\"https:\\\/\\\/giteavelafilrouge.it\\\/es\\\/crucero-en-velero-de-7-dias-por-corcega-y-la-maddalena\\\/\",\"name\":\"Crucero en velero de 7 d\u00edas por C\u00f3rcega y La Maddalena - Fil Rouge Sail\",\"isPartOf\":{\"@id\":\"https:\\\/\\\/giteavelafilrouge.it\\\/es\\\/#website\"},\"primaryImageOfPage\":{\"@id\":\"https:\\\/\\\/giteavelafilrouge.it\\\/es\\\/crucero-en-velero-de-7-dias-por-corcega-y-la-maddalena\\\/#primaryimage\"},\"image\":{\"@id\":\"https:\\\/\\\/giteavelafilrouge.it\\\/es\\\/crucero-en-velero-de-7-dias-por-corcega-y-la-maddalena\\\/#primaryimage\"},\"thumbnailUrl\":\"https:\\\/\\\/giteavelafilrouge.it\\\/wp-content\\\/uploads\\\/2024\\\/04\\\/imbarcazioni-a-vela-sardegna-fil-rouge-sail-fil-au-vent.webp\",\"datePublished\":\"2024-04-05T00:19:43+00:00\",\"dateModified\":\"2024-04-24T08:58:37+00:00\",\"description\":\"Reg\u00e1late un crucero en velero por el archipi\u00e9lago de La Maddalena y C\u00f3rcega gracias a los 40 a\u00f1os de experiencia de Fil Rouge Sail y Luigi Frau\",\"breadcrumb\":{\"@id\":\"https:\\\/\\\/giteavelafilrouge.it\\\/es\\\/crucero-en-velero-de-7-dias-por-corcega-y-la-maddalena\\\/#breadcrumb\"},\"inLanguage\":\"es\",\"potentialAction\":[{\"@type\":\"ReadAction\",\"target\":[\"https:\\\/\\\/giteavelafilrouge.it\\\/es\\\/crucero-en-velero-de-7-dias-por-corcega-y-la-maddalena\\\/\"]}]},{\"@type\":\"ImageObject\",\"inLanguage\":\"es\",\"@id\":\"https:\\\/\\\/giteavelafilrouge.it\\\/es\\\/crucero-en-velero-de-7-dias-por-corcega-y-la-maddalena\\\/#primaryimage\",\"url\":\"https:\\\/\\\/giteavelafilrouge.it\\\/wp-content\\\/uploads\\\/2024\\\/04\\\/imbarcazioni-a-vela-sardegna-fil-rouge-sail-fil-au-vent.webp\",\"contentUrl\":\"https:\\\/\\\/giteavelafilrouge.it\\\/wp-content\\\/uploads\\\/2024\\\/04\\\/imbarcazioni-a-vela-sardegna-fil-rouge-sail-fil-au-vent.webp\",\"width\":2560,\"height\":1702},{\"@type\":\"BreadcrumbList\",\"@id\":\"https:\\\/\\\/giteavelafilrouge.it\\\/es\\\/crucero-en-velero-de-7-dias-por-corcega-y-la-maddalena\\\/#breadcrumb\",\"itemListElement\":[{\"@type\":\"ListItem\",\"position\":1,\"name\":\"Home\",\"item\":\"https:\\\/\\\/giteavelafilrouge.it\\\/es\\\/\"},{\"@type\":\"ListItem\",\"position\":2,\"name\":\"Crucero en velero de 7 d\u00edas por C\u00f3rcega y La Maddalena\"}]},{\"@type\":\"WebSite\",\"@id\":\"https:\\\/\\\/giteavelafilrouge.it\\\/es\\\/#website\",\"url\":\"https:\\\/\\\/giteavelafilrouge.it\\\/es\\\/\",\"name\":\"Fil Rouge Sail\",\"description\":\"Gite in barca a vela La Maddalena e Corsica\",\"publisher\":{\"@id\":\"https:\\\/\\\/giteavelafilrouge.it\\\/es\\\/#organization\"},\"alternateName\":\"Fil Rouge Sail\",\"potentialAction\":[{\"@type\":\"SearchAction\",\"target\":{\"@type\":\"EntryPoint\",\"urlTemplate\":\"https:\\\/\\\/giteavelafilrouge.it\\\/es\\\/?s={search_term_string}\"},\"query-input\":{\"@type\":\"PropertyValueSpecification\",\"valueRequired\":true,\"valueName\":\"search_term_string\"}}],\"inLanguage\":\"es\"},{\"@type\":\"Organization\",\"@id\":\"https:\\\/\\\/giteavelafilrouge.it\\\/es\\\/#organization\",\"name\":\"Fil Rouge Sail\",\"url\":\"https:\\\/\\\/giteavelafilrouge.it\\\/es\\\/\",\"logo\":{\"@type\":\"ImageObject\",\"inLanguage\":\"es\",\"@id\":\"https:\\\/\\\/giteavelafilrouge.it\\\/es\\\/#\\\/schema\\\/logo\\\/image\\\/\",\"url\":\"https:\\\/\\\/giteavelafilrouge.it\\\/wp-content\\\/uploads\\\/2024\\\/03\\\/logo-fil-rouge-1.png\",\"contentUrl\":\"https:\\\/\\\/giteavelafilrouge.it\\\/wp-content\\\/uploads\\\/2024\\\/03\\\/logo-fil-rouge-1.png\",\"width\":450,\"height\":178,\"caption\":\"Fil Rouge Sail\"},\"image\":{\"@id\":\"https:\\\/\\\/giteavelafilrouge.it\\\/es\\\/#\\\/schema\\\/logo\\\/image\\\/\"},\"sameAs\":[\"https:\\\/\\\/www.facebook.com\\\/filrougesail\\\/\",\"https:\\\/\\\/www.instagram.com\\\/filrougesail\\\/\"]}]}<\/script>\n<!-- \/ Yoast SEO plugin. -->","yoast_head_json":{"title":"Crucero en velero de 7 d\u00edas por C\u00f3rcega y La Maddalena - Fil Rouge Sail","description":"Reg\u00e1late un crucero en velero por el archipi\u00e9lago de La Maddalena y C\u00f3rcega gracias a los 40 a\u00f1os de experiencia de Fil Rouge Sail y Luigi Frau","robots":{"index":"index","follow":"follow","max-snippet":"max-snippet:-1","max-image-preview":"max-image-preview:large","max-video-preview":"max-video-preview:-1"},"canonical":"https:\/\/giteavelafilrouge.it\/es\/crucero-en-velero-de-7-dias-por-corcega-y-la-maddalena\/","og_locale":"es_ES","og_type":"article","og_title":"Crucero en velero de 7 d\u00edas por C\u00f3rcega y La Maddalena - Fil Rouge Sail","og_description":"Reg\u00e1late un crucero en velero por el archipi\u00e9lago de La Maddalena y C\u00f3rcega gracias a los 40 a\u00f1os de experiencia de Fil Rouge Sail y Luigi Frau","og_url":"https:\/\/giteavelafilrouge.it\/es\/crucero-en-velero-de-7-dias-por-corcega-y-la-maddalena\/","og_site_name":"Fil Rouge Sail","article_publisher":"https:\/\/www.facebook.com\/filrougesail\/","article_modified_time":"2024-04-24T08:58:37+00:00","og_image":[{"width":450,"height":178,"url":"https:\/\/giteavelafilrouge.it\/wp-content\/uploads\/2024\/03\/logo-fil-rouge-1.png","type":"image\/png"}],"twitter_card":"summary_large_image","schema":{"@context":"https:\/\/schema.org","@graph":[{"@type":"WebPage","@id":"https:\/\/giteavelafilrouge.it\/es\/crucero-en-velero-de-7-dias-por-corcega-y-la-maddalena\/","url":"https:\/\/giteavelafilrouge.it\/es\/crucero-en-velero-de-7-dias-por-corcega-y-la-maddalena\/","name":"Crucero en velero de 7 d\u00edas por C\u00f3rcega y La Maddalena - Fil Rouge Sail","isPartOf":{"@id":"https:\/\/giteavelafilrouge.it\/es\/#website"},"primaryImageOfPage":{"@id":"https:\/\/giteavelafilrouge.it\/es\/crucero-en-velero-de-7-dias-por-corcega-y-la-maddalena\/#primaryimage"},"image":{"@id":"https:\/\/giteavelafilrouge.it\/es\/crucero-en-velero-de-7-dias-por-corcega-y-la-maddalena\/#primaryimage"},"thumbnailUrl":"https:\/\/giteavelafilrouge.it\/wp-content\/uploads\/2024\/04\/imbarcazioni-a-vela-sardegna-fil-rouge-sail-fil-au-vent.webp","datePublished":"2024-04-05T00:19:43+00:00","dateModified":"2024-04-24T08:58:37+00:00","description":"Reg\u00e1late un crucero en velero por el archipi\u00e9lago de La Maddalena y C\u00f3rcega gracias a los 40 a\u00f1os de experiencia de Fil Rouge Sail y Luigi Frau","breadcrumb":{"@id":"https:\/\/giteavelafilrouge.it\/es\/crucero-en-velero-de-7-dias-por-corcega-y-la-maddalena\/#breadcrumb"},"inLanguage":"es","potentialAction":[{"@type":"ReadAction","target":["https:\/\/giteavelafilrouge.it\/es\/crucero-en-velero-de-7-dias-por-corcega-y-la-maddalena\/"]}]},{"@type":"ImageObject","inLanguage":"es","@id":"https:\/\/giteavelafilrouge.it\/es\/crucero-en-velero-de-7-dias-por-corcega-y-la-maddalena\/#primaryimage","url":"https:\/\/giteavelafilrouge.it\/wp-content\/uploads\/2024\/04\/imbarcazioni-a-vela-sardegna-fil-rouge-sail-fil-au-vent.webp","contentUrl":"https:\/\/giteavelafilrouge.it\/wp-content\/uploads\/2024\/04\/imbarcazioni-a-vela-sardegna-fil-rouge-sail-fil-au-vent.webp","width":2560,"height":1702},{"@type":"BreadcrumbList","@id":"https:\/\/giteavelafilrouge.it\/es\/crucero-en-velero-de-7-dias-por-corcega-y-la-maddalena\/#breadcrumb","itemListElement":[{"@type":"ListItem","position":1,"name":"Home","item":"https:\/\/giteavelafilrouge.it\/es\/"},{"@type":"ListItem","position":2,"name":"Crucero en velero de 7 d\u00edas por C\u00f3rcega y La Maddalena"}]},{"@type":"WebSite","@id":"https:\/\/giteavelafilrouge.it\/es\/#website","url":"https:\/\/giteavelafilrouge.it\/es\/","name":"Fil Rouge Sail","description":"Gite in barca a vela La Maddalena e Corsica","publisher":{"@id":"https:\/\/giteavelafilrouge.it\/es\/#organization"},"alternateName":"Fil Rouge Sail","potentialAction":[{"@type":"SearchAction","target":{"@type":"EntryPoint","urlTemplate":"https:\/\/giteavelafilrouge.it\/es\/?s={search_term_string}"},"query-input":{"@type":"PropertyValueSpecification","valueRequired":true,"valueName":"search_term_string"}}],"inLanguage":"es"},{"@type":"Organization","@id":"https:\/\/giteavelafilrouge.it\/es\/#organization","name":"Fil Rouge Sail","url":"https:\/\/giteavelafilrouge.it\/es\/","logo":{"@type":"ImageObject","inLanguage":"es","@id":"https:\/\/giteavelafilrouge.it\/es\/#\/schema\/logo\/image\/","url":"https:\/\/giteavelafilrouge.it\/wp-content\/uploads\/2024\/03\/logo-fil-rouge-1.png","contentUrl":"https:\/\/giteavelafilrouge.it\/wp-content\/uploads\/2024\/03\/logo-fil-rouge-1.png","width":450,"height":178,"caption":"Fil Rouge Sail"},"image":{"@id":"https:\/\/giteavelafilrouge.it\/es\/#\/schema\/logo\/image\/"},"sameAs":["https:\/\/www.facebook.com\/filrougesail\/","https:\/\/www.instagram.com\/filrougesail\/"]}]}},"_links":{"self":[{"href":"https:\/\/giteavelafilrouge.it\/es\/wp-json\/wp\/v2\/pages\/7399","targetHints":{"allow":["GET"]}}],"collection":[{"href":"https:\/\/giteavelafilrouge.it\/es\/wp-json\/wp\/v2\/pages"}],"about":[{"href":"https:\/\/giteavelafilrouge.it\/es\/wp-json\/wp\/v2\/types\/page"}],"author":[{"embeddable":true,"href":"https:\/\/giteavelafilrouge.it\/es\/wp-json\/wp\/v2\/users\/1"}],"replies":[{"embeddable":true,"href":"https:\/\/giteavelafilrouge.it\/es\/wp-json\/wp\/v2\/comments?post=7399"}],"version-history":[{"count":1,"href":"https:\/\/giteavelafilrouge.it\/es\/wp-json\/wp\/v2\/pages\/7399\/revisions"}],"predecessor-version":[{"id":7404,"href":"https:\/\/giteavelafilrouge.it\/es\/wp-json\/wp\/v2\/pages\/7399\/revisions\/7404"}],"wp:featuredmedia":[{"embeddable":true,"href":"https:\/\/giteavelafilrouge.it\/es\/wp-json\/wp\/v2\/media\/7228"}],"wp:attachment":[{"href":"https:\/\/giteavelafilrouge.it\/es\/wp-json\/wp\/v2\/media?parent=7399"}],"curies":[{"name":"wp","href":"https:\/\/api.w.org\/{rel}","templated":true}]}}