{"id":7241,"date":"2024-04-23T17:29:35","date_gmt":"2024-04-23T17:29:35","guid":{"rendered":"https:\/\/giteavelafilrouge.it\/pagina-de-inicio\/"},"modified":"2026-03-24T16:13:19","modified_gmt":"2026-03-24T16:13:19","slug":"pagina-de-inicio","status":"publish","type":"page","link":"https:\/\/giteavelafilrouge.it\/es\/","title":{"rendered":"P\u00e1gina de inicio"},"content":{"rendered":"","protected":false},"excerpt":{"rendered":"","protected":false},"author":1,"featured_media":7563,"parent":0,"menu_order":0,"comment_status":"closed","ping_status":"closed","template":"","meta":{"rs_blank_template":"","rs_page_bg_color":"","slide_template_v7":"","_joinchat":[],"footnotes":""},"class_list":["post-7241","page","type-page","status-publish","has-post-thumbnail","hentry"],"yoast_head":"<!-- This site is optimized with the Yoast SEO plugin v27.5 - https:\/\/yoast.com\/product\/yoast-seo-wordpress\/ -->\n<title>Excursiones en velero La Maddalena y C\u00f3rcega - Fil Rouge Sail<\/title>\n<meta name=\"description\" content=\"Excursiones en velero La Maddalena y C\u00f3rcega, descubre Spiaggia Rosa, Lavezzi, Cavallo y Piana. Reserva ahora, cancelaci\u00f3n gratuita.\" \/>\n<meta name=\"robots\" content=\"index, follow, max-snippet:-1, max-image-preview:large, max-video-preview:-1\" \/>\n<link rel=\"canonical\" href=\"https:\/\/giteavelafilrouge.it\/es\/\" \/>\n<meta property=\"og:locale\" content=\"es_ES\" \/>\n<meta property=\"og:type\" content=\"article\" \/>\n<meta property=\"og:title\" content=\"Excursiones en velero La Maddalena y C\u00f3rcega - Fil Rouge Sail\" \/>\n<meta property=\"og:description\" content=\"Excursiones en velero La Maddalena y C\u00f3rcega, descubre Spiaggia Rosa, Lavezzi, Cavallo y Piana. Reserva ahora, cancelaci\u00f3n gratuita.\" \/>\n<meta property=\"og:url\" content=\"https:\/\/giteavelafilrouge.it\/es\/\" \/>\n<meta property=\"og:site_name\" content=\"Fil Rouge Sail\" \/>\n<meta property=\"article:publisher\" content=\"https:\/\/www.facebook.com\/filrougesail\/\" \/>\n<meta property=\"article:modified_time\" content=\"2026-03-24T16:13:19+00:00\" \/>\n<meta property=\"og:image\" content=\"https:\/\/giteavelafilrouge.it\/wp-content\/uploads\/2024\/04\/luigi-frau-skipper-e-fondatore-fil-rouge-sail.webp\" \/>\n\t<meta property=\"og:image:width\" content=\"1360\" \/>\n\t<meta property=\"og:image:height\" content=\"907\" \/>\n\t<meta property=\"og:image:type\" content=\"image\/webp\" \/>\n<meta name=\"twitter:card\" content=\"summary_large_image\" \/>\n<script type=\"application\/ld+json\" class=\"yoast-schema-graph\">{\"@context\":\"https:\\\/\\\/schema.org\",\"@graph\":[{\"@type\":\"WebPage\",\"@id\":\"https:\\\/\\\/giteavelafilrouge.it\\\/es\\\/\",\"url\":\"https:\\\/\\\/giteavelafilrouge.it\\\/es\\\/\",\"name\":\"Excursiones en velero La Maddalena y C\u00f3rcega - Fil Rouge Sail\",\"isPartOf\":{\"@id\":\"https:\\\/\\\/giteavelafilrouge.it\\\/es\\\/#website\"},\"primaryImageOfPage\":{\"@id\":\"https:\\\/\\\/giteavelafilrouge.it\\\/es\\\/#primaryimage\"},\"image\":{\"@id\":\"https:\\\/\\\/giteavelafilrouge.it\\\/es\\\/#primaryimage\"},\"thumbnailUrl\":\"https:\\\/\\\/giteavelafilrouge.it\\\/wp-content\\\/uploads\\\/2024\\\/04\\\/luigi-frau-skipper-e-fondatore-fil-rouge-sail.webp\",\"datePublished\":\"2024-04-23T17:29:35+00:00\",\"dateModified\":\"2026-03-24T16:13:19+00:00\",\"description\":\"Excursiones en velero La Maddalena y C\u00f3rcega, descubre Spiaggia Rosa, Lavezzi, Cavallo y Piana. Reserva ahora, cancelaci\u00f3n gratuita.\",\"breadcrumb\":{\"@id\":\"https:\\\/\\\/giteavelafilrouge.it\\\/es\\\/#breadcrumb\"},\"inLanguage\":\"es\",\"potentialAction\":[{\"@type\":\"ReadAction\",\"target\":[\"https:\\\/\\\/giteavelafilrouge.it\\\/es\\\/\"]}]},{\"@type\":\"ImageObject\",\"inLanguage\":\"es\",\"@id\":\"https:\\\/\\\/giteavelafilrouge.it\\\/es\\\/#primaryimage\",\"url\":\"https:\\\/\\\/giteavelafilrouge.it\\\/wp-content\\\/uploads\\\/2024\\\/04\\\/luigi-frau-skipper-e-fondatore-fil-rouge-sail.webp\",\"contentUrl\":\"https:\\\/\\\/giteavelafilrouge.it\\\/wp-content\\\/uploads\\\/2024\\\/04\\\/luigi-frau-skipper-e-fondatore-fil-rouge-sail.webp\",\"width\":1360,\"height\":907},{\"@type\":\"BreadcrumbList\",\"@id\":\"https:\\\/\\\/giteavelafilrouge.it\\\/es\\\/#breadcrumb\",\"itemListElement\":[{\"@type\":\"ListItem\",\"position\":1,\"name\":\"Home\",\"item\":\"https:\\\/\\\/giteavelafilrouge.it\\\/es\\\/\"},{\"@type\":\"ListItem\",\"position\":2,\"name\":\"P\u00e1gina de inicio\"}]},{\"@type\":\"WebSite\",\"@id\":\"https:\\\/\\\/giteavelafilrouge.it\\\/es\\\/#website\",\"url\":\"https:\\\/\\\/giteavelafilrouge.it\\\/es\\\/\",\"name\":\"Fil Rouge Sail\",\"description\":\"Gite in barca a vela La Maddalena e Corsica\",\"publisher\":{\"@id\":\"https:\\\/\\\/giteavelafilrouge.it\\\/es\\\/#organization\"},\"alternateName\":\"Fil Rouge Sail\",\"potentialAction\":[{\"@type\":\"SearchAction\",\"target\":{\"@type\":\"EntryPoint\",\"urlTemplate\":\"https:\\\/\\\/giteavelafilrouge.it\\\/es\\\/?s={search_term_string}\"},\"query-input\":{\"@type\":\"PropertyValueSpecification\",\"valueRequired\":true,\"valueName\":\"search_term_string\"}}],\"inLanguage\":\"es\"},{\"@type\":\"Organization\",\"@id\":\"https:\\\/\\\/giteavelafilrouge.it\\\/es\\\/#organization\",\"name\":\"Fil Rouge Sail\",\"url\":\"https:\\\/\\\/giteavelafilrouge.it\\\/es\\\/\",\"logo\":{\"@type\":\"ImageObject\",\"inLanguage\":\"es\",\"@id\":\"https:\\\/\\\/giteavelafilrouge.it\\\/es\\\/#\\\/schema\\\/logo\\\/image\\\/\",\"url\":\"https:\\\/\\\/giteavelafilrouge.it\\\/wp-content\\\/uploads\\\/2024\\\/03\\\/logo-fil-rouge-1.png\",\"contentUrl\":\"https:\\\/\\\/giteavelafilrouge.it\\\/wp-content\\\/uploads\\\/2024\\\/03\\\/logo-fil-rouge-1.png\",\"width\":450,\"height\":178,\"caption\":\"Fil Rouge Sail\"},\"image\":{\"@id\":\"https:\\\/\\\/giteavelafilrouge.it\\\/es\\\/#\\\/schema\\\/logo\\\/image\\\/\"},\"sameAs\":[\"https:\\\/\\\/www.facebook.com\\\/filrougesail\\\/\",\"https:\\\/\\\/www.instagram.com\\\/filrougesail\\\/\"]}]}<\/script>\n<!-- \/ Yoast SEO plugin. -->","yoast_head_json":{"title":"Excursiones en velero La Maddalena y C\u00f3rcega - Fil Rouge Sail","description":"Excursiones en velero La Maddalena y C\u00f3rcega, descubre Spiaggia Rosa, Lavezzi, Cavallo y Piana. Reserva ahora, cancelaci\u00f3n gratuita.","robots":{"index":"index","follow":"follow","max-snippet":"max-snippet:-1","max-image-preview":"max-image-preview:large","max-video-preview":"max-video-preview:-1"},"canonical":"https:\/\/giteavelafilrouge.it\/es\/","og_locale":"es_ES","og_type":"article","og_title":"Excursiones en velero La Maddalena y C\u00f3rcega - Fil Rouge Sail","og_description":"Excursiones en velero La Maddalena y C\u00f3rcega, descubre Spiaggia Rosa, Lavezzi, Cavallo y Piana. Reserva ahora, cancelaci\u00f3n gratuita.","og_url":"https:\/\/giteavelafilrouge.it\/es\/","og_site_name":"Fil Rouge Sail","article_publisher":"https:\/\/www.facebook.com\/filrougesail\/","article_modified_time":"2026-03-24T16:13:19+00:00","og_image":[{"width":1360,"height":907,"url":"https:\/\/giteavelafilrouge.it\/wp-content\/uploads\/2024\/04\/luigi-frau-skipper-e-fondatore-fil-rouge-sail.webp","type":"image\/webp"}],"twitter_card":"summary_large_image","schema":{"@context":"https:\/\/schema.org","@graph":[{"@type":"WebPage","@id":"https:\/\/giteavelafilrouge.it\/es\/","url":"https:\/\/giteavelafilrouge.it\/es\/","name":"Excursiones en velero La Maddalena y C\u00f3rcega - Fil Rouge Sail","isPartOf":{"@id":"https:\/\/giteavelafilrouge.it\/es\/#website"},"primaryImageOfPage":{"@id":"https:\/\/giteavelafilrouge.it\/es\/#primaryimage"},"image":{"@id":"https:\/\/giteavelafilrouge.it\/es\/#primaryimage"},"thumbnailUrl":"https:\/\/giteavelafilrouge.it\/wp-content\/uploads\/2024\/04\/luigi-frau-skipper-e-fondatore-fil-rouge-sail.webp","datePublished":"2024-04-23T17:29:35+00:00","dateModified":"2026-03-24T16:13:19+00:00","description":"Excursiones en velero La Maddalena y C\u00f3rcega, descubre Spiaggia Rosa, Lavezzi, Cavallo y Piana. Reserva ahora, cancelaci\u00f3n gratuita.","breadcrumb":{"@id":"https:\/\/giteavelafilrouge.it\/es\/#breadcrumb"},"inLanguage":"es","potentialAction":[{"@type":"ReadAction","target":["https:\/\/giteavelafilrouge.it\/es\/"]}]},{"@type":"ImageObject","inLanguage":"es","@id":"https:\/\/giteavelafilrouge.it\/es\/#primaryimage","url":"https:\/\/giteavelafilrouge.it\/wp-content\/uploads\/2024\/04\/luigi-frau-skipper-e-fondatore-fil-rouge-sail.webp","contentUrl":"https:\/\/giteavelafilrouge.it\/wp-content\/uploads\/2024\/04\/luigi-frau-skipper-e-fondatore-fil-rouge-sail.webp","width":1360,"height":907},{"@type":"BreadcrumbList","@id":"https:\/\/giteavelafilrouge.it\/es\/#breadcrumb","itemListElement":[{"@type":"ListItem","position":1,"name":"Home","item":"https:\/\/giteavelafilrouge.it\/es\/"},{"@type":"ListItem","position":2,"name":"P\u00e1gina de inicio"}]},{"@type":"WebSite","@id":"https:\/\/giteavelafilrouge.it\/es\/#website","url":"https:\/\/giteavelafilrouge.it\/es\/","name":"Fil Rouge Sail","description":"Gite in barca a vela La Maddalena e Corsica","publisher":{"@id":"https:\/\/giteavelafilrouge.it\/es\/#organization"},"alternateName":"Fil Rouge Sail","potentialAction":[{"@type":"SearchAction","target":{"@type":"EntryPoint","urlTemplate":"https:\/\/giteavelafilrouge.it\/es\/?s={search_term_string}"},"query-input":{"@type":"PropertyValueSpecification","valueRequired":true,"valueName":"search_term_string"}}],"inLanguage":"es"},{"@type":"Organization","@id":"https:\/\/giteavelafilrouge.it\/es\/#organization","name":"Fil Rouge Sail","url":"https:\/\/giteavelafilrouge.it\/es\/","logo":{"@type":"ImageObject","inLanguage":"es","@id":"https:\/\/giteavelafilrouge.it\/es\/#\/schema\/logo\/image\/","url":"https:\/\/giteavelafilrouge.it\/wp-content\/uploads\/2024\/03\/logo-fil-rouge-1.png","contentUrl":"https:\/\/giteavelafilrouge.it\/wp-content\/uploads\/2024\/03\/logo-fil-rouge-1.png","width":450,"height":178,"caption":"Fil Rouge Sail"},"image":{"@id":"https:\/\/giteavelafilrouge.it\/es\/#\/schema\/logo\/image\/"},"sameAs":["https:\/\/www.facebook.com\/filrougesail\/","https:\/\/www.instagram.com\/filrougesail\/"]}]}},"_links":{"self":[{"href":"https:\/\/giteavelafilrouge.it\/es\/wp-json\/wp\/v2\/pages\/7241","targetHints":{"allow":["GET"]}}],"collection":[{"href":"https:\/\/giteavelafilrouge.it\/es\/wp-json\/wp\/v2\/pages"}],"about":[{"href":"https:\/\/giteavelafilrouge.it\/es\/wp-json\/wp\/v2\/types\/page"}],"author":[{"embeddable":true,"href":"https:\/\/giteavelafilrouge.it\/es\/wp-json\/wp\/v2\/users\/1"}],"replies":[{"embeddable":true,"href":"https:\/\/giteavelafilrouge.it\/es\/wp-json\/wp\/v2\/comments?post=7241"}],"version-history":[{"count":5,"href":"https:\/\/giteavelafilrouge.it\/es\/wp-json\/wp\/v2\/pages\/7241\/revisions"}],"predecessor-version":[{"id":8199,"href":"https:\/\/giteavelafilrouge.it\/es\/wp-json\/wp\/v2\/pages\/7241\/revisions\/8199"}],"wp:featuredmedia":[{"embeddable":true,"href":"https:\/\/giteavelafilrouge.it\/es\/wp-json\/wp\/v2\/media\/7563"}],"wp:attachment":[{"href":"https:\/\/giteavelafilrouge.it\/es\/wp-json\/wp\/v2\/media?parent=7241"}],"curies":[{"name":"wp","href":"https:\/\/api.w.org\/{rel}","templated":true}]}}