{"id":7236,"date":"2016-11-27T17:47:14","date_gmt":"2016-11-27T17:47:14","guid":{"rendered":"https:\/\/giteavelafilrouge.it\/luigi-frau-skipper-und-gruender-fil-rouge-sail\/"},"modified":"2025-04-11T14:05:54","modified_gmt":"2025-04-11T14:05:54","slug":"luigi-frau-skipper-und-gruender-fil-rouge-sail","status":"publish","type":"page","link":"https:\/\/giteavelafilrouge.it\/de\/luigi-frau-skipper-und-gruender-fil-rouge-sail\/","title":{"rendered":"Luigi Frau: Skipper und Gr\u00fcnder Fil Rouge Sail"},"content":{"rendered":"","protected":false},"excerpt":{"rendered":"","protected":false},"author":1,"featured_media":6927,"parent":0,"menu_order":0,"comment_status":"closed","ping_status":"closed","template":"","meta":{"rs_blank_template":"","rs_page_bg_color":"","slide_template_v7":"","_joinchat":[],"footnotes":""},"class_list":["post-7236","page","type-page","status-publish","has-post-thumbnail","hentry"],"yoast_head":"<!-- This site is optimized with the Yoast SEO plugin v27.4 - https:\/\/yoast.com\/product\/yoast-seo-wordpress\/ -->\n<title>Luigi Frau: Skipper und Gr\u00fcnder Fil Rouge Sail - Fil Rouge Sail<\/title>\n<meta name=\"description\" content=\"Luigi Frau, Skipper und Gr\u00fcnder von Fil Rouge Sail, organisiert sichere und professionelle Segelt\u00f6rns in La Maddalena und Korsika\" \/>\n<meta name=\"robots\" content=\"index, follow, max-snippet:-1, max-image-preview:large, max-video-preview:-1\" \/>\n<link rel=\"canonical\" href=\"https:\/\/giteavelafilrouge.it\/de\/luigi-frau-skipper-und-gruender-fil-rouge-sail\/\" \/>\n<meta property=\"og:locale\" content=\"de_DE\" \/>\n<meta property=\"og:type\" content=\"article\" \/>\n<meta property=\"og:title\" content=\"Luigi Frau: Skipper und Gr\u00fcnder Fil Rouge Sail - Fil Rouge Sail\" \/>\n<meta property=\"og:description\" content=\"Luigi Frau, Skipper und Gr\u00fcnder von Fil Rouge Sail, organisiert sichere und professionelle Segelt\u00f6rns in La Maddalena und Korsika\" \/>\n<meta property=\"og:url\" content=\"https:\/\/giteavelafilrouge.it\/de\/luigi-frau-skipper-und-gruender-fil-rouge-sail\/\" \/>\n<meta property=\"og:site_name\" content=\"Fil Rouge Sail\" \/>\n<meta property=\"article:publisher\" content=\"https:\/\/www.facebook.com\/filrougesail\/\" \/>\n<meta property=\"article:modified_time\" content=\"2025-04-11T14:05:54+00:00\" \/>\n<meta property=\"og:image\" content=\"https:\/\/giteavelafilrouge.it\/wp-content\/uploads\/2024\/04\/52-MASTER-711.jpg\" \/>\n\t<meta property=\"og:image:width\" content=\"2559\" \/>\n\t<meta property=\"og:image:height\" content=\"1702\" \/>\n\t<meta property=\"og:image:type\" content=\"image\/jpeg\" \/>\n<meta name=\"twitter:card\" content=\"summary_large_image\" \/>\n<script type=\"application\/ld+json\" class=\"yoast-schema-graph\">{\"@context\":\"https:\\\/\\\/schema.org\",\"@graph\":[{\"@type\":\"WebPage\",\"@id\":\"https:\\\/\\\/giteavelafilrouge.it\\\/de\\\/luigi-frau-skipper-und-gruender-fil-rouge-sail\\\/\",\"url\":\"https:\\\/\\\/giteavelafilrouge.it\\\/de\\\/luigi-frau-skipper-und-gruender-fil-rouge-sail\\\/\",\"name\":\"Luigi Frau: Skipper und Gr\u00fcnder Fil Rouge Sail - Fil Rouge Sail\",\"isPartOf\":{\"@id\":\"https:\\\/\\\/giteavelafilrouge.it\\\/de\\\/#website\"},\"primaryImageOfPage\":{\"@id\":\"https:\\\/\\\/giteavelafilrouge.it\\\/de\\\/luigi-frau-skipper-und-gruender-fil-rouge-sail\\\/#primaryimage\"},\"image\":{\"@id\":\"https:\\\/\\\/giteavelafilrouge.it\\\/de\\\/luigi-frau-skipper-und-gruender-fil-rouge-sail\\\/#primaryimage\"},\"thumbnailUrl\":\"https:\\\/\\\/giteavelafilrouge.it\\\/wp-content\\\/uploads\\\/2024\\\/04\\\/52-MASTER-711.jpg\",\"datePublished\":\"2016-11-27T17:47:14+00:00\",\"dateModified\":\"2025-04-11T14:05:54+00:00\",\"description\":\"Luigi Frau, Skipper und Gr\u00fcnder von Fil Rouge Sail, organisiert sichere und professionelle Segelt\u00f6rns in La Maddalena und Korsika\",\"breadcrumb\":{\"@id\":\"https:\\\/\\\/giteavelafilrouge.it\\\/de\\\/luigi-frau-skipper-und-gruender-fil-rouge-sail\\\/#breadcrumb\"},\"inLanguage\":\"de\",\"potentialAction\":[{\"@type\":\"ReadAction\",\"target\":[\"https:\\\/\\\/giteavelafilrouge.it\\\/de\\\/luigi-frau-skipper-und-gruender-fil-rouge-sail\\\/\"]}]},{\"@type\":\"ImageObject\",\"inLanguage\":\"de\",\"@id\":\"https:\\\/\\\/giteavelafilrouge.it\\\/de\\\/luigi-frau-skipper-und-gruender-fil-rouge-sail\\\/#primaryimage\",\"url\":\"https:\\\/\\\/giteavelafilrouge.it\\\/wp-content\\\/uploads\\\/2024\\\/04\\\/52-MASTER-711.jpg\",\"contentUrl\":\"https:\\\/\\\/giteavelafilrouge.it\\\/wp-content\\\/uploads\\\/2024\\\/04\\\/52-MASTER-711.jpg\",\"width\":2559,\"height\":1702,\"caption\":\"Luigi Frau, skipper e fondatore di Fil Rouge Sail\"},{\"@type\":\"BreadcrumbList\",\"@id\":\"https:\\\/\\\/giteavelafilrouge.it\\\/de\\\/luigi-frau-skipper-und-gruender-fil-rouge-sail\\\/#breadcrumb\",\"itemListElement\":[{\"@type\":\"ListItem\",\"position\":1,\"name\":\"Home\",\"item\":\"https:\\\/\\\/giteavelafilrouge.it\\\/de\\\/\"},{\"@type\":\"ListItem\",\"position\":2,\"name\":\"Luigi Frau: Skipper und Gr\u00fcnder Fil Rouge Sail\"}]},{\"@type\":\"WebSite\",\"@id\":\"https:\\\/\\\/giteavelafilrouge.it\\\/de\\\/#website\",\"url\":\"https:\\\/\\\/giteavelafilrouge.it\\\/de\\\/\",\"name\":\"Fil Rouge Sail\",\"description\":\"Gite in barca a vela La Maddalena e Corsica\",\"publisher\":{\"@id\":\"https:\\\/\\\/giteavelafilrouge.it\\\/de\\\/#organization\"},\"alternateName\":\"Fil Rouge Sail\",\"potentialAction\":[{\"@type\":\"SearchAction\",\"target\":{\"@type\":\"EntryPoint\",\"urlTemplate\":\"https:\\\/\\\/giteavelafilrouge.it\\\/de\\\/?s={search_term_string}\"},\"query-input\":{\"@type\":\"PropertyValueSpecification\",\"valueRequired\":true,\"valueName\":\"search_term_string\"}}],\"inLanguage\":\"de\"},{\"@type\":\"Organization\",\"@id\":\"https:\\\/\\\/giteavelafilrouge.it\\\/de\\\/#organization\",\"name\":\"Fil Rouge Sail\",\"url\":\"https:\\\/\\\/giteavelafilrouge.it\\\/de\\\/\",\"logo\":{\"@type\":\"ImageObject\",\"inLanguage\":\"de\",\"@id\":\"https:\\\/\\\/giteavelafilrouge.it\\\/de\\\/#\\\/schema\\\/logo\\\/image\\\/\",\"url\":\"https:\\\/\\\/giteavelafilrouge.it\\\/wp-content\\\/uploads\\\/2024\\\/03\\\/logo-fil-rouge-1.png\",\"contentUrl\":\"https:\\\/\\\/giteavelafilrouge.it\\\/wp-content\\\/uploads\\\/2024\\\/03\\\/logo-fil-rouge-1.png\",\"width\":450,\"height\":178,\"caption\":\"Fil Rouge Sail\"},\"image\":{\"@id\":\"https:\\\/\\\/giteavelafilrouge.it\\\/de\\\/#\\\/schema\\\/logo\\\/image\\\/\"},\"sameAs\":[\"https:\\\/\\\/www.facebook.com\\\/filrougesail\\\/\",\"https:\\\/\\\/www.instagram.com\\\/filrougesail\\\/\"]}]}<\/script>\n<!-- \/ Yoast SEO plugin. -->","yoast_head_json":{"title":"Luigi Frau: Skipper und Gr\u00fcnder Fil Rouge Sail - Fil Rouge Sail","description":"Luigi Frau, Skipper und Gr\u00fcnder von Fil Rouge Sail, organisiert sichere und professionelle Segelt\u00f6rns in La Maddalena und Korsika","robots":{"index":"index","follow":"follow","max-snippet":"max-snippet:-1","max-image-preview":"max-image-preview:large","max-video-preview":"max-video-preview:-1"},"canonical":"https:\/\/giteavelafilrouge.it\/de\/luigi-frau-skipper-und-gruender-fil-rouge-sail\/","og_locale":"de_DE","og_type":"article","og_title":"Luigi Frau: Skipper und Gr\u00fcnder Fil Rouge Sail - Fil Rouge Sail","og_description":"Luigi Frau, Skipper und Gr\u00fcnder von Fil Rouge Sail, organisiert sichere und professionelle Segelt\u00f6rns in La Maddalena und Korsika","og_url":"https:\/\/giteavelafilrouge.it\/de\/luigi-frau-skipper-und-gruender-fil-rouge-sail\/","og_site_name":"Fil Rouge Sail","article_publisher":"https:\/\/www.facebook.com\/filrougesail\/","article_modified_time":"2025-04-11T14:05:54+00:00","og_image":[{"width":2559,"height":1702,"url":"https:\/\/giteavelafilrouge.it\/wp-content\/uploads\/2024\/04\/52-MASTER-711.jpg","type":"image\/jpeg"}],"twitter_card":"summary_large_image","schema":{"@context":"https:\/\/schema.org","@graph":[{"@type":"WebPage","@id":"https:\/\/giteavelafilrouge.it\/de\/luigi-frau-skipper-und-gruender-fil-rouge-sail\/","url":"https:\/\/giteavelafilrouge.it\/de\/luigi-frau-skipper-und-gruender-fil-rouge-sail\/","name":"Luigi Frau: Skipper und Gr\u00fcnder Fil Rouge Sail - Fil Rouge Sail","isPartOf":{"@id":"https:\/\/giteavelafilrouge.it\/de\/#website"},"primaryImageOfPage":{"@id":"https:\/\/giteavelafilrouge.it\/de\/luigi-frau-skipper-und-gruender-fil-rouge-sail\/#primaryimage"},"image":{"@id":"https:\/\/giteavelafilrouge.it\/de\/luigi-frau-skipper-und-gruender-fil-rouge-sail\/#primaryimage"},"thumbnailUrl":"https:\/\/giteavelafilrouge.it\/wp-content\/uploads\/2024\/04\/52-MASTER-711.jpg","datePublished":"2016-11-27T17:47:14+00:00","dateModified":"2025-04-11T14:05:54+00:00","description":"Luigi Frau, Skipper und Gr\u00fcnder von Fil Rouge Sail, organisiert sichere und professionelle Segelt\u00f6rns in La Maddalena und Korsika","breadcrumb":{"@id":"https:\/\/giteavelafilrouge.it\/de\/luigi-frau-skipper-und-gruender-fil-rouge-sail\/#breadcrumb"},"inLanguage":"de","potentialAction":[{"@type":"ReadAction","target":["https:\/\/giteavelafilrouge.it\/de\/luigi-frau-skipper-und-gruender-fil-rouge-sail\/"]}]},{"@type":"ImageObject","inLanguage":"de","@id":"https:\/\/giteavelafilrouge.it\/de\/luigi-frau-skipper-und-gruender-fil-rouge-sail\/#primaryimage","url":"https:\/\/giteavelafilrouge.it\/wp-content\/uploads\/2024\/04\/52-MASTER-711.jpg","contentUrl":"https:\/\/giteavelafilrouge.it\/wp-content\/uploads\/2024\/04\/52-MASTER-711.jpg","width":2559,"height":1702,"caption":"Luigi Frau, skipper e fondatore di Fil Rouge Sail"},{"@type":"BreadcrumbList","@id":"https:\/\/giteavelafilrouge.it\/de\/luigi-frau-skipper-und-gruender-fil-rouge-sail\/#breadcrumb","itemListElement":[{"@type":"ListItem","position":1,"name":"Home","item":"https:\/\/giteavelafilrouge.it\/de\/"},{"@type":"ListItem","position":2,"name":"Luigi Frau: Skipper und Gr\u00fcnder Fil Rouge Sail"}]},{"@type":"WebSite","@id":"https:\/\/giteavelafilrouge.it\/de\/#website","url":"https:\/\/giteavelafilrouge.it\/de\/","name":"Fil Rouge Sail","description":"Gite in barca a vela La Maddalena e Corsica","publisher":{"@id":"https:\/\/giteavelafilrouge.it\/de\/#organization"},"alternateName":"Fil Rouge Sail","potentialAction":[{"@type":"SearchAction","target":{"@type":"EntryPoint","urlTemplate":"https:\/\/giteavelafilrouge.it\/de\/?s={search_term_string}"},"query-input":{"@type":"PropertyValueSpecification","valueRequired":true,"valueName":"search_term_string"}}],"inLanguage":"de"},{"@type":"Organization","@id":"https:\/\/giteavelafilrouge.it\/de\/#organization","name":"Fil Rouge Sail","url":"https:\/\/giteavelafilrouge.it\/de\/","logo":{"@type":"ImageObject","inLanguage":"de","@id":"https:\/\/giteavelafilrouge.it\/de\/#\/schema\/logo\/image\/","url":"https:\/\/giteavelafilrouge.it\/wp-content\/uploads\/2024\/03\/logo-fil-rouge-1.png","contentUrl":"https:\/\/giteavelafilrouge.it\/wp-content\/uploads\/2024\/03\/logo-fil-rouge-1.png","width":450,"height":178,"caption":"Fil Rouge Sail"},"image":{"@id":"https:\/\/giteavelafilrouge.it\/de\/#\/schema\/logo\/image\/"},"sameAs":["https:\/\/www.facebook.com\/filrougesail\/","https:\/\/www.instagram.com\/filrougesail\/"]}]}},"_links":{"self":[{"href":"https:\/\/giteavelafilrouge.it\/de\/wp-json\/wp\/v2\/pages\/7236","targetHints":{"allow":["GET"]}}],"collection":[{"href":"https:\/\/giteavelafilrouge.it\/de\/wp-json\/wp\/v2\/pages"}],"about":[{"href":"https:\/\/giteavelafilrouge.it\/de\/wp-json\/wp\/v2\/types\/page"}],"author":[{"embeddable":true,"href":"https:\/\/giteavelafilrouge.it\/de\/wp-json\/wp\/v2\/users\/1"}],"replies":[{"embeddable":true,"href":"https:\/\/giteavelafilrouge.it\/de\/wp-json\/wp\/v2\/comments?post=7236"}],"version-history":[{"count":4,"href":"https:\/\/giteavelafilrouge.it\/de\/wp-json\/wp\/v2\/pages\/7236\/revisions"}],"predecessor-version":[{"id":8071,"href":"https:\/\/giteavelafilrouge.it\/de\/wp-json\/wp\/v2\/pages\/7236\/revisions\/8071"}],"wp:featuredmedia":[{"embeddable":true,"href":"https:\/\/giteavelafilrouge.it\/de\/wp-json\/wp\/v2\/media\/6927"}],"wp:attachment":[{"href":"https:\/\/giteavelafilrouge.it\/de\/wp-json\/wp\/v2\/media?parent=7236"}],"curies":[{"name":"wp","href":"https:\/\/api.w.org\/{rel}","templated":true}]}}